{"id":206,"date":"2019-10-15T13:21:13","date_gmt":"2019-10-15T13:21:13","guid":{"rendered":"http:\/\/jupiter.followmetours.pt\/\/contact\/"},"modified":"2020-06-05T23:10:24","modified_gmt":"2020-06-05T23:10:24","slug":"contact","status":"publish","type":"page","link":"https:\/\/jupiter.followmetours.pt\/pt-pt\/contact\/","title":{"rendered":"Contacto"},"content":{"rendered":"\n<h2>Fale connosco!<\/h2>\n\n\n\n<div class=\"wp-block-columns has-2-columns contacts\">\n<div class=\"wp-block-column\">\n<h3>Ol\u00e1!<\/h3>\n\n\n<div role=\"form\" class=\"wpcf7\" id=\"wpcf7-f554-o1\" lang=\"pt-PT\" dir=\"ltr\">\n<div class=\"screen-reader-response\"><p role=\"status\" aria-live=\"polite\" aria-atomic=\"true\"><\/p> <ul><\/ul><\/div>\n<form action=\"\/pt-pt\/wp-json\/wp\/v2\/pages\/206#wpcf7-f554-o1\" method=\"post\" class=\"wpcf7-form init wpcf7-acceptance-as-validation\" novalidate=\"novalidate\" data-status=\"init\">\n<div style=\"display: none;\">\n<input type=\"hidden\" name=\"_wpcf7\" value=\"554\" \/>\n<input type=\"hidden\" name=\"_wpcf7_version\" value=\"5.4.2\" \/>\n<input type=\"hidden\" name=\"_wpcf7_locale\" value=\"pt_PT\" \/>\n<input type=\"hidden\" name=\"_wpcf7_unit_tag\" value=\"wpcf7-f554-o1\" \/>\n<input type=\"hidden\" name=\"_wpcf7_container_post\" value=\"0\" \/>\n<input type=\"hidden\" name=\"_wpcf7_posted_data_hash\" value=\"\" \/>\n<\/div>\n<div class=\"holder\">\n    <label class=\"lbl\" for=\"contact_name\">Nome<span>*<\/span><\/label>\n    <span class=\"wpcf7-form-control-wrap contact_name\"><input type=\"text\" name=\"contact_name\" value=\"\" size=\"40\" class=\"wpcf7-form-control wpcf7-text wpcf7-validates-as-required form-control\" id=\"contact_name\" aria-required=\"true\" aria-invalid=\"false\" \/><\/span>\n    <span class=\"valid\"><\/span>\n<\/div>\n<div class=\"holder\">\n    <label class=\"lbl\" for=\"contact_email\">Email<span>*<\/span><\/label>\n    <span class=\"wpcf7-form-control-wrap contact_email\"><input type=\"email\" name=\"contact_email\" value=\"\" size=\"40\" class=\"wpcf7-form-control wpcf7-text wpcf7-email wpcf7-validates-as-required wpcf7-validates-as-email form-control\" id=\"contact_email\" aria-required=\"true\" aria-invalid=\"false\" \/><\/span>\n    <span class=\"valid\"><\/span>\n<\/div>\n<div class=\"holder\">\n    <label class=\"lbl\" for=\"contact_message\">Mensagem<span>*<\/span><\/label>\n    <span class=\"wpcf7-form-control-wrap contact_message\"><textarea name=\"contact_message\" cols=\"40\" rows=\"10\" class=\"wpcf7-form-control wpcf7-textarea wpcf7-validates-as-required form-control\" id=\"contact_message\" aria-required=\"true\" aria-invalid=\"false\"><\/textarea><\/span>\n    <span class=\"valid\"><\/span>\n<\/div>\n<div class=\"holder\"><span class=\"wpcf7-form-control-wrap your-consent\"><span class=\"wpcf7-form-control wpcf7-acceptance\"><span class=\"wpcf7-list-item\"><label><input type=\"checkbox\" name=\"your-consent\" value=\"1\" aria-invalid=\"false\" \/><span class=\"wpcf7-list-item-label\">Os dados pessoais recolhidos neste formul\u00e1rio ser\u00e3o usados exclusivamente para o prop\u00f3sito da sua utiliza\u00e7\u00e3o. Consequentemente, n\u00e3o receber\u00e1 qualquer comunica\u00e7\u00e3o n\u00e3o solicitada baseada nas informa\u00e7\u00f5es aqui colocadas. Para mais informa\u00e7\u00f5es, consulte a nossa <a href=\"\/pt-pt\/politica-de-privacidade\" target=\"_blank\">Pol\u00edtica de Privacidade<\/a>.<\/span><\/label><\/span><\/span><\/span><\/div>\n<div class=\"submit-holder\"><input type=\"submit\" value=\"ENVIAR\" class=\"wpcf7-form-control wpcf7-submit btn btn-default\" \/><\/div><div class=\"wpcf7-response-output\" aria-hidden=\"true\"><\/div><\/form><\/div>\n\n\n\n<p><\/p>\n<\/div>\n\n\n\n<div class=\"wp-block-column\">\n<div class=\"row\">\n    <div class=\"col-sm-12 offset-sm-0 col-md-9 offset-md-2\">\n        <h3>Onde estamos<\/h3>\n        <address>\n            <span class=\"str\">Rua Alexandre Herculano<\/span>\n            <span class=\"str\">Lote 11 \u2013 loja E<\/span>\n            <span class=\"str\">8200-998 Albufeira \u2013 Portugal<\/span>\n        <\/address>\n    <\/div>\n<\/div>\n<div class=\"row\">\n    <div class=\"col-sm-12 offset-sm-0 col-md-9 offset-md-2\">\n        <h3>Precisa de ajuda?<\/h3>\n        <ul class=\"contact-info\">\n            <li><strong>T.<\/strong> <a href=\"tel:+351289590120\" target=\"_self\" rel=\"noopener noreferrer\">(+351) 289 590 120<\/a><\/li>\n            <li><strong>F.<\/strong> <a href=\"fax:+351289590129\" target=\"_self\" rel=\"noopener noreferrer\">(+351) 289 590 129<\/a><\/li>\n            <li><strong>E.<\/strong> <a href=\"mailto:geral@followmetours.net\" target=\"_self\" rel=\"noopener noreferrer\">geral@followmetours.net<\/a>\n            <\/li>\n        <\/ul>\n    <\/div>\n<\/div>\n<\/div>\n<\/div>\n\n\n<div id=\"wpgmza_map\" class=\"wpgmza_map\" data-settings='{\"id\":\"1\",\"map_title\":\"Office Location Map\",\"map_width\":\"100\",\"map_height\":\"400\",\"map_start_lat\":\"37.093156\",\"map_start_lng\":\"-8.224352\",\"map_start_location\":\"37.09315599999999,-8.224352\",\"map_start_zoom\":\"13\",\"default_marker\":\"0\",\"type\":\"3\",\"alignment\":\"4\",\"directions_enabled\":\"1\",\"styling_enabled\":\"0\",\"styling_json\":\"\",\"active\":\"0\",\"kml\":\"\",\"bicycle\":\"0\",\"traffic\":\"0\",\"dbox\":\"1\",\"dbox_width\":\"100\",\"listmarkers\":\"0\",\"listmarkers_advanced\":\"0\",\"filterbycat\":\"0\",\"ugm_enabled\":\"0\",\"ugm_category_enabled\":\"0\",\"fusion\":\"\",\"map_width_type\":\"\\\\%\",\"map_height_type\":\"px\",\"mass_marker_support\":\"1\",\"ugm_access\":\"0\",\"order_markers_by\":\"1\",\"order_markers_choice\":\"2\",\"show_user_location\":\"0\",\"default_to\":\"\",\"other_settings\":{\"store_locator_enabled\":2,\"store_locator_distance\":2,\"store_locator_default_radius\":10,\"store_locator_not_found_message\":\"No results found in this location. Please try again.\",\"store_locator_bounce\":1,\"store_locator_query_string\":\"ZIP \\\/ Address:\",\"store_locator_default_address\":\"\",\"wpgmza_store_locator_restrict\":\"\",\"wpgmza_store_locator_radius_style\":\"modern\",\"map_max_zoom\":\"1\",\"transport_layer\":0,\"wpgmza_show_points_of_interest\":0,\"wpgmza_auto_night\":0}}' data-map-id='1' Data-maps-engine='open-layers' data-shortcode-attributes='{\"id\":\"1\"}' style=\"display:block; overflow:auto; width:100%; height:400px; float:left;\"><\/div>\n","protected":false},"excerpt":{"rendered":"<p>Fale connosco! Ol\u00e1! Onde estamos Rua Alexandre Herculano Lote 11 \u2013 loja E 8200-998 Albufeira \u2013 Portugal Precisa de ajuda? T. (+351) 289 590 120 F. (+351) 289 590 129 E. geral@followmetours.net<\/p>\n","protected":false},"author":2,"featured_media":0,"parent":0,"menu_order":6,"comment_status":"closed","ping_status":"closed","template":"","meta":[],"acf":[],"aioseo_notices":[],"_links":{"self":[{"href":"https:\/\/jupiter.followmetours.pt\/pt-pt\/wp-json\/wp\/v2\/pages\/206"}],"collection":[{"href":"https:\/\/jupiter.followmetours.pt\/pt-pt\/wp-json\/wp\/v2\/pages"}],"about":[{"href":"https:\/\/jupiter.followmetours.pt\/pt-pt\/wp-json\/wp\/v2\/types\/page"}],"author":[{"embeddable":true,"href":"https:\/\/jupiter.followmetours.pt\/pt-pt\/wp-json\/wp\/v2\/users\/2"}],"replies":[{"embeddable":true,"href":"https:\/\/jupiter.followmetours.pt\/pt-pt\/wp-json\/wp\/v2\/comments?post=206"}],"version-history":[{"count":0,"href":"https:\/\/jupiter.followmetours.pt\/pt-pt\/wp-json\/wp\/v2\/pages\/206\/revisions"}],"wp:attachment":[{"href":"https:\/\/jupiter.followmetours.pt\/pt-pt\/wp-json\/wp\/v2\/media?parent=206"}],"curies":[{"name":"wp","href":"https:\/\/api.w.org\/{rel}","templated":true}]}}