{"id":921,"date":"2020-04-02T08:39:44","date_gmt":"2020-04-02T08:39:44","guid":{"rendered":"https:\/\/jupiter.followmetours.pt\/\/transfers\/"},"modified":"2021-05-18T16:36:15","modified_gmt":"2021-05-18T16:36:15","slug":"transfers","status":"publish","type":"page","link":"https:\/\/jupiter.followmetours.pt\/pt-pt\/","title":{"rendered":"Transfers"},"content":{"rendered":"\r\n<div class=\"wp-block-columns wp-trasfers-block\">\r\n<div class=\"wp-block-column\">\r\n<h3>Private Transfer<\/h3>\r\n\r\n\r\n\r\n<p>For those who prefer an exclusive service with comfort, quality and privacy.<\/p>\r\n\r\n\r\n\r\n<p>. High standard veichles<\/p>\r\n\r\n\r\n\r\n<p>. English speaking drivers<\/p>\r\n\r\n\r\n\r\n<p>. Free Wi-Fi available<\/p>\r\n\r\n\r\n\r\n<p>&nbsp;<\/p>\r\n<\/div>\r\n\r\n\r\n\r\n<div class=\"wp-block-column\">\r\n<figure class=\"wp-block-gallery columns-1 is-cropped\">\r\n<ul class=\"blocks-gallery-grid\">\r\n<li class=\"blocks-gallery-item\">\r\n<figure><img loading=\"lazy\" width=\"1024\" height=\"683\" class=\"wp-image-1492\" src=\"https:\/\/jupiter.followmetours.pt\/wp-content\/uploads\/2020\/06\/follow-me-tours-06-1024x683.jpg\" alt=\"\" data-id=\"1492\" data-full-url=\"https:\/\/jupiter.followmetours.pt\/\/wp-content\/uploads\/2020\/06\/follow-me-tours-06-scaled.jpg\" data-link=\"https:\/\/jupiter.followmetours.pt\/\/transfers\/follow-me-tours-06\/\" srcset=\"https:\/\/jupiter.followmetours.pt\/wp-content\/uploads\/2020\/06\/follow-me-tours-06-1024x683.jpg 1024w, https:\/\/jupiter.followmetours.pt\/wp-content\/uploads\/2020\/06\/follow-me-tours-06-300x200.jpg 300w, https:\/\/jupiter.followmetours.pt\/wp-content\/uploads\/2020\/06\/follow-me-tours-06-768x512.jpg 768w, https:\/\/jupiter.followmetours.pt\/wp-content\/uploads\/2020\/06\/follow-me-tours-06-1536x1024.jpg 1536w, https:\/\/jupiter.followmetours.pt\/wp-content\/uploads\/2020\/06\/follow-me-tours-06-2048x1365.jpg 2048w, https:\/\/jupiter.followmetours.pt\/wp-content\/uploads\/2020\/06\/follow-me-tours-06-2000x1333.jpg 2000w, https:\/\/jupiter.followmetours.pt\/wp-content\/uploads\/2020\/06\/follow-me-tours-06-1000x667.jpg 1000w, https:\/\/jupiter.followmetours.pt\/wp-content\/uploads\/2020\/06\/follow-me-tours-06-600x400.jpg 600w\" sizes=\"(max-width: 1024px) 100vw, 1024px\" \/><\/figure>\r\n<\/li>\r\n<\/ul>\r\n<\/figure>\r\n\r\n\r\n\r\n<p>&nbsp;<\/p>\r\n<\/div>\r\n<\/div>\r\n\r\n\r\n\r\n<div class=\"wp-block-columns wp-trasfers-block\">\r\n<div class=\"wp-block-column\">\r\n<h3>Premium Transfer<\/h3>\r\n\r\n\r\n\r\n<p>A non-private tailored transfer to suit your personal needs, according to your scheduled time. Faster with minimum stops.<\/p>\r\n\r\n\r\n\r\n<p>. Faster than a shuttle<\/p>\r\n\r\n\r\n\r\n<p>. Nice and confortable<\/p>\r\n\r\n\r\n\r\n<p>. Good value for money<\/p>\r\n<\/div>\r\n\r\n\r\n\r\n<div class=\"wp-block-column\">\r\n<figure class=\"wp-block-image size-large\"><img loading=\"lazy\" width=\"1024\" height=\"683\" class=\"wp-image-1508\" src=\"https:\/\/jupiter.followmetours.pt\/wp-content\/uploads\/2020\/06\/follow-me-tours-10-1024x683.jpg\" alt=\"\" srcset=\"https:\/\/jupiter.followmetours.pt\/wp-content\/uploads\/2020\/06\/follow-me-tours-10-1024x683.jpg 1024w, https:\/\/jupiter.followmetours.pt\/wp-content\/uploads\/2020\/06\/follow-me-tours-10-300x200.jpg 300w, https:\/\/jupiter.followmetours.pt\/wp-content\/uploads\/2020\/06\/follow-me-tours-10-768x512.jpg 768w, https:\/\/jupiter.followmetours.pt\/wp-content\/uploads\/2020\/06\/follow-me-tours-10-1536x1024.jpg 1536w, https:\/\/jupiter.followmetours.pt\/wp-content\/uploads\/2020\/06\/follow-me-tours-10-2048x1365.jpg 2048w, https:\/\/jupiter.followmetours.pt\/wp-content\/uploads\/2020\/06\/follow-me-tours-10-2000x1333.jpg 2000w, https:\/\/jupiter.followmetours.pt\/wp-content\/uploads\/2020\/06\/follow-me-tours-10-1000x667.jpg 1000w, https:\/\/jupiter.followmetours.pt\/wp-content\/uploads\/2020\/06\/follow-me-tours-10-600x400.jpg 600w\" sizes=\"(max-width: 1024px) 100vw, 1024px\" \/><\/figure>\r\n<\/div>\r\n<\/div>\r\n\r\n\r\n\r\n<div class=\"wp-block-columns wp-trasfers-block\">\r\n<div class=\"wp-block-column\">\r\n<h3>\u00a0<\/h3>\r\n\r\n\r\n\r\n<p>&nbsp;<\/p>\r\n<\/div>\r\n\r\n\r\n\r\n<div class=\"wp-block-column\">\u00a0<\/div>\r\n<\/div>\r\n\r\n\r\n\r\n<div class=\"wp-block-columns wp-trasfers-block\">\r\n<div class=\"wp-block-column\">\r\n<h3>Shuttle Transfer<\/h3>\r\n\r\n\r\n\r\n<p>The most economical way of travelling. Tell us your check-in time and we will tell you your pick-up time.<\/p>\r\n\r\n\r\n\r\n<h3>Shuttle conditions<\/h3>\r\n\r\n\r\n\r\n<p class=\"has-text-align-left\">Todas as reservas ou altera\u00e7\u00f5es devem ser enviadas para reservas@followmetours.net com um m\u00ednimo de 48 horas de anteced\u00eancia da data \/ hora do servi\u00e7o.<\/p>\r\n\r\n\r\n\r\n<h5>Necessary data for reservations to be considered:<\/h5>\r\n\r\n\r\n\r\n<ul>\r\n<li>Reservation\u00a0reference<\/li>\r\n<li>Date\u00a0of\u00a0service<\/li>\r\n<li>Flights\u00a0(number\u00a0and\u00a0time\u00a0of\u00a0arrival\u00a0or\u00a0departure)<\/li>\r\n<li>Reservation\u00a0leadname<\/li>\r\n<li>Number\u00a0of\u00a0Pax\u00a0(Adults\u00a0\/\u00a0Children\u00a0\/\u00a0Infants,\u00a0always\u00a0indicate\u00a0the\u00a0children&#8217;s\u00a0age)<\/li>\r\n<li>Accommodation\u00a0(Hotels)<\/li>\r\n<\/ul>\r\n\r\n\r\n\r\n<p>A localiza\u00e7\u00e3o espec\u00edfica deve ser um ponto de refer\u00eancia hoteleiro ou tur\u00edstico, permitindo o acesso ao autocarro. Apenas 1 bagagem \u00e9 permitida por passageiro.<\/p>\r\n\r\n\r\n\r\n<h5>Instructions on arrival:<\/h5>\r\n\r\n\r\n\r\n<p>Clients\u00a0should\u00a0go\u00a0to\u00a0the\u00a0Best\u00a0Transfers\u00a0\u00a0Welcome\u00a0Desk\u00a0within\u00a0the &#8220;Arrivals&#8221; lobby.<\/p>\r\n\r\n\r\n\r\n<p>&nbsp;<\/p>\r\n<\/div>\r\n\r\n\r\n\r\n<div class=\"wp-block-column\">\r\n<figure class=\"wp-block-image size-large is-resized\"><img loading=\"lazy\" class=\"wp-image-1478\" src=\"https:\/\/jupiter.followmetours.pt\/wp-content\/uploads\/2020\/06\/IMG-20200626-WA0034.jpg\" alt=\"\" width=\"506\" height=\"378\" \/><\/figure>\r\n\r\n\r\n\r\n<figure class=\"wp-block-image size-large\"><img loading=\"lazy\" width=\"960\" height=\"1024\" class=\"wp-image-1504\" src=\"https:\/\/jupiter.followmetours.pt\/wp-content\/uploads\/2020\/06\/follow-me-tours-08-960x1024.jpg\" alt=\"\" srcset=\"https:\/\/jupiter.followmetours.pt\/wp-content\/uploads\/2020\/06\/follow-me-tours-08-960x1024.jpg 960w, https:\/\/jupiter.followmetours.pt\/wp-content\/uploads\/2020\/06\/follow-me-tours-08-281x300.jpg 281w, https:\/\/jupiter.followmetours.pt\/wp-content\/uploads\/2020\/06\/follow-me-tours-08-768x819.jpg 768w, https:\/\/jupiter.followmetours.pt\/wp-content\/uploads\/2020\/06\/follow-me-tours-08-1440x1536.jpg 1440w, https:\/\/jupiter.followmetours.pt\/wp-content\/uploads\/2020\/06\/follow-me-tours-08-1920x2048.jpg 1920w, https:\/\/jupiter.followmetours.pt\/wp-content\/uploads\/2020\/06\/follow-me-tours-08-2000x2133.jpg 2000w, https:\/\/jupiter.followmetours.pt\/wp-content\/uploads\/2020\/06\/follow-me-tours-08-1000x1067.jpg 1000w, https:\/\/jupiter.followmetours.pt\/wp-content\/uploads\/2020\/06\/follow-me-tours-08-600x640.jpg 600w\" sizes=\"(max-width: 960px) 100vw, 960px\" \/><\/figure>\r\n<\/div>\r\n<\/div>\r\n\r\n\r\n\r\n<p>&nbsp;<\/p>\r\n\r\n\r\n\r\n<p>&nbsp;<\/p>\r\n","protected":false},"excerpt":{"rendered":"<p>Private Transfer For those who prefer an exclusive service with comfort, quality and privacy. . High standard veichles . English speaking drivers . Free Wi-Fi available &nbsp; &nbsp; Premium Transfer A non-private tailored transfer to suit your personal needs, according to your scheduled time. Faster with minimum stops. . Faster than a shuttle . Nice<\/p>\n","protected":false},"author":2,"featured_media":0,"parent":0,"menu_order":4,"comment_status":"closed","ping_status":"closed","template":"","meta":[],"acf":[],"aioseo_notices":[],"_links":{"self":[{"href":"https:\/\/jupiter.followmetours.pt\/pt-pt\/wp-json\/wp\/v2\/pages\/921"}],"collection":[{"href":"https:\/\/jupiter.followmetours.pt\/pt-pt\/wp-json\/wp\/v2\/pages"}],"about":[{"href":"https:\/\/jupiter.followmetours.pt\/pt-pt\/wp-json\/wp\/v2\/types\/page"}],"author":[{"embeddable":true,"href":"https:\/\/jupiter.followmetours.pt\/pt-pt\/wp-json\/wp\/v2\/users\/2"}],"replies":[{"embeddable":true,"href":"https:\/\/jupiter.followmetours.pt\/pt-pt\/wp-json\/wp\/v2\/comments?post=921"}],"version-history":[{"count":0,"href":"https:\/\/jupiter.followmetours.pt\/pt-pt\/wp-json\/wp\/v2\/pages\/921\/revisions"}],"wp:attachment":[{"href":"https:\/\/jupiter.followmetours.pt\/pt-pt\/wp-json\/wp\/v2\/media?parent=921"}],"curies":[{"name":"wp","href":"https:\/\/api.w.org\/{rel}","templated":true}]}}